{"id":94,"date":"2017-06-11T19:10:13","date_gmt":"2017-06-11T19:10:13","guid":{"rendered":"http:\/\/jadelafuente.es\/?page_id=94"},"modified":"2018-08-08T07:10:28","modified_gmt":"2018-08-08T07:10:28","slug":"mantenimiento-preventivo","status":"publish","type":"page","link":"https:\/\/jadelafuente.es\/?page_id=94","title":{"rendered":"Mantenimiento Preventivo"},"content":{"rendered":"<style type=\"text\/css\">@media only screen and (min-width: 1000px) and (max-width: 5000px){body.kc-css-system .kc-css-1114760{width: 64.89%;}body.kc-css-system .kc-css-178578{width: 35.1%;}}body.kc-css-system .kc-css-2413417{text-align: center;}<\/style>\n<section class=\"kc-elm kc-css-3084723 kc_row\">\n<div class=\"kc-row-container  kc-container\">\n<div class=\"kc-wrap-columns\">\n<div class=\"kc-elm kc-css-1114760 kc_col-sm-8 kc_column kc_col-sm-8\">\n<div class=\"kc-col-container\">\n<div class=\"kc-elm kc-css-2886845 kc_text_block\">\n<h2 style=\"text-align: center;\"><strong><span style=\"color: #fe7a22;\">\u00bfPrevenir o curar?<\/span><\/strong><\/h2>\n<p style=\"text-align: center;\"><strong>+ Mayor vida \u00fatil\u00a0 <\/strong><strong>+ Total disponibilidad\u00a0\u00a0 <\/strong><strong>+\u00a0Mejor funcionamiento<\/strong><\/p>\n<p style=\"text-align: left;\">Desde J.A de la Fuente hemos dise\u00f1ado packs espec\u00edficos por tipo de m\u00e1quina (Martillos percutores, mesas de corte, taladros est\u00e1ticos&#8230;) para evitar deterioros prematuros de su herramienta.<\/p>\n<\/div>\n<\/div>\n<\/div>\n<div class=\"kc-elm kc-css-178578 kc_col-sm-4 kc_column kc_col-sm-4\">\n<div class=\"kc-col-container\">\n<div class=\"kc-elm kc-css-2413417 kc_shortcode kc_single_image\">\n<p>        <img decoding=\"async\" src=\"https:\/\/jadelafuente.es\/wp-content\/uploads\/2017\/06\/mantenimiento-maquinaria-industrial.jpg\" class=\"\" alt=\"\" \/>    <\/div>\n<\/div>\n<\/div>\n<\/div>\n<\/div>\n<\/section>\n<section class=\"kc-elm kc-css-3710470 kc_row\">\n<div class=\"kc-row-container  kc-container\">\n<div class=\"kc-wrap-columns\">\n<div class=\"kc-elm kc-css-1554654 kc_col-sm-12 kc_column kc_col-sm-12\">\n<div class=\"kc-col-container\">\n<div class=\"kc-elm kc-css-3085308\" style=\"height: 20px; clear: both; width:100%;\"><\/div>\n<div class=\"kc-elm kc-css-1273087 kc_accordion_wrapper\">\n<div class=\"kc-elm kc-css-2331216 kc_accordion_section group \">\n<h3 class=\"kc_accordion_header ui-accordion-header\"><span class=\"ui-accordion-header-icon ui-icon\"><\/span><a href=\"#necesidad-del-preventivo\" data-prevent=\"scroll\"><i class=\"sl-bulb\"><\/i> Necesidad del preventivo<\/a><\/h3>\n<div class=\"kc_accordion_content ui-accordion-content kc_clearfix\">\n<div class=\"kc-panel-body\">\n<div class=\"kc-elm kc-css-2903112 kc_text_block\">\n<p>Generalmente incurrimos en aver\u00edas por no proporcionar un buen uso ni dar un buen mantenimiento a nuestras m\u00e1quinas, as\u00ed como cambiamos el aceite de nuestros veh\u00edculos, nuestra maquinaria requiere de ciertas atenciones para su correcto funcionamiento. Especialmente m\u00e1quinas de alto valor y gran importancia para nuestro negocio son las m\u00e1s susceptibles a este tipo de mantenimiento.<\/p>\n<\/div>\n<\/div>\n<\/div>\n<\/div>\n<div class=\"kc-elm kc-css-3522449 kc_accordion_section group \">\n<h3 class=\"kc_accordion_header ui-accordion-header\"><span class=\"ui-accordion-header-icon ui-icon\"><\/span><a href=\"#descripcion-preventivos\" data-prevent=\"scroll\"><i class=\"sl-list\"><\/i> Descripci\u00f3n preventivos<\/a><\/h3>\n<div class=\"kc_accordion_content ui-accordion-content kc_clearfix\">\n<div class=\"kc-panel-body\">\n<div class=\"kc-elm kc-css-999504 kc_text_block\">\n<ol>\n<li><span style=\"color: #000000;\">Limpieza parte mec\u00e1nica engranajes en lavadora especial.<\/span><\/li>\n<li><span style=\"color: #000000;\">Se quita la grasa o aceite usado y se lubrica de nuevo.<\/span><\/li>\n<li><span style=\"color: #000000;\">Se hace una revisi\u00f3n general de todos los componentes de la m\u00e1quina a fin de detectar cualquier anomal\u00eda que pueda\u00a0ocasionar una aver\u00eda grave en un futuro pr\u00f3ximo.<\/span><\/li>\n<li><span style=\"color: #000000;\">Revisi\u00f3n parte el\u00e9ctrica, examinando minuciosamente cableado el\u00e9ctrico y posibles conexiones en mal estado.<\/span><\/li>\n<li><span style=\"color: #000000;\">Una vez chequeada la m\u00e1quina se informa al cliente ( si las hubiera ) de las anomal\u00edas detectadas y se le har\u00eda un\u00a0presupuesto detallado a fin de dejar la m\u00e1quina en perfectas condiciones.<\/span><\/li>\n<\/ol>\n<\/div>\n<\/div>\n<\/div>\n<\/div>\n<div class=\"kc-elm kc-css-3304876 kc_accordion_section group \">\n<h3 class=\"kc_accordion_header ui-accordion-header\"><span class=\"ui-accordion-header-icon ui-icon\"><\/span><a href=\"#mas-informacion\" data-prevent=\"scroll\"><i class=\"sl-speech\"><\/i> M\u00e1s informaci\u00f3n<\/a><\/h3>\n<div class=\"kc_accordion_content ui-accordion-content kc_clearfix\">\n<div class=\"kc-panel-body\">\n<div class=\"kc-elm kc-css-1035308 kc_text_block\">\n<p>Si est\u00e1s interesado en el mantenimiento preventivo de tus herramientas desde J.A de la Fuente podremos trazar un plan de preventivos con base en la criticidad de sus m\u00e1quinas, horas de utilizaci\u00f3n y valor de las mismas.<\/p>\n<h3 style=\"text-align: center;\"><a href=\"https:\/\/jadelafuente.es\/?page_id=19\"><strong><span style=\"color: #fe7a22;\">\u00a1 Pida presupuesto !<\/span><\/strong><\/a><\/h3>\n<\/div>\n<\/div>\n<\/div>\n<\/div>\n<\/div>\n<\/div>\n<\/div>\n<\/div>\n<\/div>\n<\/section>\n","protected":false},"excerpt":{"rendered":"<p>\u00bfPrevenir o curar? + Mayor vida \u00fatil\u00a0 + Total disponibilidad\u00a0\u00a0 +\u00a0Mejor funcionamiento Desde J.A de la Fuente hemos dise\u00f1ado packs espec\u00edficos por tipo de m\u00e1quina (Martillos percutores, mesas de corte, taladros est\u00e1ticos&#8230;) para evitar deterioros prematuros de su herramienta. Necesidad del preventivo Generalmente incurrimos en aver\u00edas por no proporcionar un buen uso ni dar un [&hellip;]<\/p>\n","protected":false},"author":3,"featured_media":0,"parent":15,"menu_order":0,"comment_status":"closed","ping_status":"closed","template":"","meta":{"footnotes":""},"class_list":["post-94","page","type-page","status-publish","hentry"],"yoast_head":"<!-- This site is optimized with the Yoast SEO plugin v27.4 - https:\/\/yoast.com\/product\/yoast-seo-wordpress\/ -->\n<title>Mantenimiento Preventivo - J.A de la Fuente<\/title>\n<meta name=\"robots\" content=\"index, follow, max-snippet:-1, max-image-preview:large, max-video-preview:-1\" \/>\n<link rel=\"canonical\" href=\"https:\/\/jadelafuente.es\/?page_id=94\" \/>\n<meta property=\"og:locale\" content=\"es_ES\" \/>\n<meta property=\"og:type\" content=\"article\" \/>\n<meta property=\"og:title\" content=\"Mantenimiento Preventivo - J.A de la Fuente\" \/>\n<meta property=\"og:description\" content=\"\u00bfPrevenir o curar? + Mayor vida \u00fatil\u00a0 + Total disponibilidad\u00a0\u00a0 +\u00a0Mejor funcionamiento Desde J.A de la Fuente hemos dise\u00f1ado packs espec\u00edficos por tipo de m\u00e1quina (Martillos percutores, mesas de corte, taladros est\u00e1ticos&#8230;) para evitar deterioros prematuros de su herramienta. Necesidad del preventivo Generalmente incurrimos en aver\u00edas por no proporcionar un buen uso ni dar un [&hellip;]\" \/>\n<meta property=\"og:url\" content=\"https:\/\/jadelafuente.es\/?page_id=94\" \/>\n<meta property=\"og:site_name\" content=\"J.A de la Fuente\" \/>\n<meta property=\"article:modified_time\" content=\"2018-08-08T07:10:28+00:00\" \/>\n<meta property=\"og:image\" content=\"https:\/\/jadelafuente.es\/wp-content\/uploads\/2017\/06\/mantenimiento-maquinaria-industrial.jpg\" \/>\n<meta name=\"twitter:card\" content=\"summary_large_image\" \/>\n<meta name=\"twitter:label1\" content=\"Tiempo de lectura\" \/>\n\t<meta name=\"twitter:data1\" content=\"1 minuto\" \/>\n<script type=\"application\/ld+json\" class=\"yoast-schema-graph\">{\"@context\":\"https:\\\/\\\/schema.org\",\"@graph\":[{\"@type\":\"WebPage\",\"@id\":\"https:\\\/\\\/jadelafuente.es\\\/?page_id=94\",\"url\":\"https:\\\/\\\/jadelafuente.es\\\/?page_id=94\",\"name\":\"Mantenimiento Preventivo - J.A de la Fuente\",\"isPartOf\":{\"@id\":\"https:\\\/\\\/jadelafuente.es\\\/#website\"},\"primaryImageOfPage\":{\"@id\":\"https:\\\/\\\/jadelafuente.es\\\/?page_id=94#primaryimage\"},\"image\":{\"@id\":\"https:\\\/\\\/jadelafuente.es\\\/?page_id=94#primaryimage\"},\"thumbnailUrl\":\"https:\\\/\\\/jadelafuente.es\\\/wp-content\\\/uploads\\\/2017\\\/06\\\/mantenimiento-maquinaria-industrial.jpg\",\"datePublished\":\"2017-06-11T19:10:13+00:00\",\"dateModified\":\"2018-08-08T07:10:28+00:00\",\"breadcrumb\":{\"@id\":\"https:\\\/\\\/jadelafuente.es\\\/?page_id=94#breadcrumb\"},\"inLanguage\":\"es\",\"potentialAction\":[{\"@type\":\"ReadAction\",\"target\":[\"https:\\\/\\\/jadelafuente.es\\\/?page_id=94\"]}]},{\"@type\":\"ImageObject\",\"inLanguage\":\"es\",\"@id\":\"https:\\\/\\\/jadelafuente.es\\\/?page_id=94#primaryimage\",\"url\":\"https:\\\/\\\/jadelafuente.es\\\/wp-content\\\/uploads\\\/2017\\\/06\\\/mantenimiento-maquinaria-industrial.jpg\",\"contentUrl\":\"https:\\\/\\\/jadelafuente.es\\\/wp-content\\\/uploads\\\/2017\\\/06\\\/mantenimiento-maquinaria-industrial.jpg\"},{\"@type\":\"BreadcrumbList\",\"@id\":\"https:\\\/\\\/jadelafuente.es\\\/?page_id=94#breadcrumb\",\"itemListElement\":[{\"@type\":\"ListItem\",\"position\":1,\"name\":\"Portada\",\"item\":\"https:\\\/\\\/jadelafuente.es\\\/\"},{\"@type\":\"ListItem\",\"position\":2,\"name\":\"Servicios\",\"item\":\"https:\\\/\\\/jadelafuente.es\\\/?page_id=15\"},{\"@type\":\"ListItem\",\"position\":3,\"name\":\"Mantenimiento Preventivo\"}]},{\"@type\":\"WebSite\",\"@id\":\"https:\\\/\\\/jadelafuente.es\\\/#website\",\"url\":\"https:\\\/\\\/jadelafuente.es\\\/\",\"name\":\"J.A de la Fuente\",\"description\":\"Servicio t\u00e9cnico de reparaci\u00f3n multimarca\",\"publisher\":{\"@id\":\"https:\\\/\\\/jadelafuente.es\\\/#organization\"},\"potentialAction\":[{\"@type\":\"SearchAction\",\"target\":{\"@type\":\"EntryPoint\",\"urlTemplate\":\"https:\\\/\\\/jadelafuente.es\\\/?s={search_term_string}\"},\"query-input\":{\"@type\":\"PropertyValueSpecification\",\"valueRequired\":true,\"valueName\":\"search_term_string\"}}],\"inLanguage\":\"es\"},{\"@type\":\"Organization\",\"@id\":\"https:\\\/\\\/jadelafuente.es\\\/#organization\",\"name\":\"J.A de la Fuente\",\"url\":\"https:\\\/\\\/jadelafuente.es\\\/\",\"logo\":{\"@type\":\"ImageObject\",\"inLanguage\":\"es\",\"@id\":\"https:\\\/\\\/jadelafuente.es\\\/#\\\/schema\\\/logo\\\/image\\\/\",\"url\":\"https:\\\/\\\/jadelafuente.es\\\/wp-content\\\/uploads\\\/2021\\\/03\\\/cropped-unnamed.png\",\"contentUrl\":\"https:\\\/\\\/jadelafuente.es\\\/wp-content\\\/uploads\\\/2021\\\/03\\\/cropped-unnamed.png\",\"width\":640,\"height\":277,\"caption\":\"J.A de la Fuente\"},\"image\":{\"@id\":\"https:\\\/\\\/jadelafuente.es\\\/#\\\/schema\\\/logo\\\/image\\\/\"}}]}<\/script>\n<!-- \/ Yoast SEO plugin. -->","yoast_head_json":{"title":"Mantenimiento Preventivo - J.A de la Fuente","robots":{"index":"index","follow":"follow","max-snippet":"max-snippet:-1","max-image-preview":"max-image-preview:large","max-video-preview":"max-video-preview:-1"},"canonical":"https:\/\/jadelafuente.es\/?page_id=94","og_locale":"es_ES","og_type":"article","og_title":"Mantenimiento Preventivo - J.A de la Fuente","og_description":"\u00bfPrevenir o curar? + Mayor vida \u00fatil\u00a0 + Total disponibilidad\u00a0\u00a0 +\u00a0Mejor funcionamiento Desde J.A de la Fuente hemos dise\u00f1ado packs espec\u00edficos por tipo de m\u00e1quina (Martillos percutores, mesas de corte, taladros est\u00e1ticos&#8230;) para evitar deterioros prematuros de su herramienta. Necesidad del preventivo Generalmente incurrimos en aver\u00edas por no proporcionar un buen uso ni dar un [&hellip;]","og_url":"https:\/\/jadelafuente.es\/?page_id=94","og_site_name":"J.A de la Fuente","article_modified_time":"2018-08-08T07:10:28+00:00","og_image":[{"url":"https:\/\/jadelafuente.es\/wp-content\/uploads\/2017\/06\/mantenimiento-maquinaria-industrial.jpg","type":"","width":"","height":""}],"twitter_card":"summary_large_image","twitter_misc":{"Tiempo de lectura":"1 minuto"},"schema":{"@context":"https:\/\/schema.org","@graph":[{"@type":"WebPage","@id":"https:\/\/jadelafuente.es\/?page_id=94","url":"https:\/\/jadelafuente.es\/?page_id=94","name":"Mantenimiento Preventivo - J.A de la Fuente","isPartOf":{"@id":"https:\/\/jadelafuente.es\/#website"},"primaryImageOfPage":{"@id":"https:\/\/jadelafuente.es\/?page_id=94#primaryimage"},"image":{"@id":"https:\/\/jadelafuente.es\/?page_id=94#primaryimage"},"thumbnailUrl":"https:\/\/jadelafuente.es\/wp-content\/uploads\/2017\/06\/mantenimiento-maquinaria-industrial.jpg","datePublished":"2017-06-11T19:10:13+00:00","dateModified":"2018-08-08T07:10:28+00:00","breadcrumb":{"@id":"https:\/\/jadelafuente.es\/?page_id=94#breadcrumb"},"inLanguage":"es","potentialAction":[{"@type":"ReadAction","target":["https:\/\/jadelafuente.es\/?page_id=94"]}]},{"@type":"ImageObject","inLanguage":"es","@id":"https:\/\/jadelafuente.es\/?page_id=94#primaryimage","url":"https:\/\/jadelafuente.es\/wp-content\/uploads\/2017\/06\/mantenimiento-maquinaria-industrial.jpg","contentUrl":"https:\/\/jadelafuente.es\/wp-content\/uploads\/2017\/06\/mantenimiento-maquinaria-industrial.jpg"},{"@type":"BreadcrumbList","@id":"https:\/\/jadelafuente.es\/?page_id=94#breadcrumb","itemListElement":[{"@type":"ListItem","position":1,"name":"Portada","item":"https:\/\/jadelafuente.es\/"},{"@type":"ListItem","position":2,"name":"Servicios","item":"https:\/\/jadelafuente.es\/?page_id=15"},{"@type":"ListItem","position":3,"name":"Mantenimiento Preventivo"}]},{"@type":"WebSite","@id":"https:\/\/jadelafuente.es\/#website","url":"https:\/\/jadelafuente.es\/","name":"J.A de la Fuente","description":"Servicio t\u00e9cnico de reparaci\u00f3n multimarca","publisher":{"@id":"https:\/\/jadelafuente.es\/#organization"},"potentialAction":[{"@type":"SearchAction","target":{"@type":"EntryPoint","urlTemplate":"https:\/\/jadelafuente.es\/?s={search_term_string}"},"query-input":{"@type":"PropertyValueSpecification","valueRequired":true,"valueName":"search_term_string"}}],"inLanguage":"es"},{"@type":"Organization","@id":"https:\/\/jadelafuente.es\/#organization","name":"J.A de la Fuente","url":"https:\/\/jadelafuente.es\/","logo":{"@type":"ImageObject","inLanguage":"es","@id":"https:\/\/jadelafuente.es\/#\/schema\/logo\/image\/","url":"https:\/\/jadelafuente.es\/wp-content\/uploads\/2021\/03\/cropped-unnamed.png","contentUrl":"https:\/\/jadelafuente.es\/wp-content\/uploads\/2021\/03\/cropped-unnamed.png","width":640,"height":277,"caption":"J.A de la Fuente"},"image":{"@id":"https:\/\/jadelafuente.es\/#\/schema\/logo\/image\/"}}]}},"_links":{"self":[{"href":"https:\/\/jadelafuente.es\/index.php?rest_route=\/wp\/v2\/pages\/94","targetHints":{"allow":["GET"]}}],"collection":[{"href":"https:\/\/jadelafuente.es\/index.php?rest_route=\/wp\/v2\/pages"}],"about":[{"href":"https:\/\/jadelafuente.es\/index.php?rest_route=\/wp\/v2\/types\/page"}],"author":[{"embeddable":true,"href":"https:\/\/jadelafuente.es\/index.php?rest_route=\/wp\/v2\/users\/3"}],"replies":[{"embeddable":true,"href":"https:\/\/jadelafuente.es\/index.php?rest_route=%2Fwp%2Fv2%2Fcomments&post=94"}],"version-history":[{"count":32,"href":"https:\/\/jadelafuente.es\/index.php?rest_route=\/wp\/v2\/pages\/94\/revisions"}],"predecessor-version":[{"id":888,"href":"https:\/\/jadelafuente.es\/index.php?rest_route=\/wp\/v2\/pages\/94\/revisions\/888"}],"up":[{"embeddable":true,"href":"https:\/\/jadelafuente.es\/index.php?rest_route=\/wp\/v2\/pages\/15"}],"wp:attachment":[{"href":"https:\/\/jadelafuente.es\/index.php?rest_route=%2Fwp%2Fv2%2Fmedia&parent=94"}],"curies":[{"name":"wp","href":"https:\/\/api.w.org\/{rel}","templated":true}]}}