{"id":349,"date":"2017-07-14T18:32:18","date_gmt":"2017-07-14T18:32:18","guid":{"rendered":"http:\/\/jadelafuente.es\/?page_id=349"},"modified":"2021-02-07T20:25:40","modified_gmt":"2021-02-07T19:25:40","slug":"envia-tu-maquina","status":"publish","type":"page","link":"https:\/\/jadelafuente.es\/?page_id=349","title":{"rendered":"Env\u00eda tu m\u00e1quina"},"content":{"rendered":"<style type=\"text\/css\">@media only screen and (min-width: 1000px) and (max-width: 5000px){body.kc-css-system .kc-css-3649151{width: 59.81%;}body.kc-css-system .kc-css-1387445{width: 40.18%;}body.kc-css-system .kc-css-108020{width: 60.49%;}body.kc-css-system .kc-css-147663{width: 39.5%;}body.kc-css-system .kc-css-1623015{width: 24.72%;}body.kc-css-system .kc-css-2042855{width: 50.28%;}body.kc-css-system .kc-css-3095681{width: 24.97%;}}body.kc-css-system .kc-css-3182261 h4{color: #000000;}body.kc-css-system .kc-css-3066637 h4{color: #000000;}<\/style>\n<section class=\"kc-elm kc-css-3791566 kc_row\">\n<div class=\"kc-row-container  kc-container\">\n<div class=\"kc-wrap-columns\">\n<div class=\"kc-elm kc-css-3649151 kc_col-sm-7 kc_column kc_col-sm-7\">\n<div class=\"kc-col-container\">\n<div class=\"kc-elm kc-css-3476861 kc_text_block\">\n<h1 style=\"text-align: left;\"><span style=\"color: #fe7a22;\"> \u00a1Tarifa env\u00edo \u00fanica sin sorpresas\u00a010 \u20ac + IVA!<\/span><\/h1>\n<\/div>\n<div class=\"kc-elm kc-css-294280 kc_shortcode kc_single_image\">\n<p>        <img decoding=\"async\" src=\"https:\/\/jadelafuente.es\/wp-content\/uploads\/2017\/06\/ciclo-e1516443537782.png\" class=\"\" alt=\"\" \/>    <\/div>\n<\/div>\n<\/div>\n<div class=\"kc-elm kc-css-1387445 kc_col-sm-5 kc_column kc_col-sm-5\">\n<div class=\"kc-col-container\">\n<div class=\"kc-elm kc-css-3182261 kc_counter_box\">\n\t<i class=\"et-happy element-icon\"><\/i>\t<span class=\"counterup\">93<\/span><\/p>\n<h4>% Satisfacci\u00f3n<\/h4>\n<\/div>\n<div class=\"kc-elm kc-css-3066637 kc_counter_box\">\n\t<i class=\"fa-star element-icon\"><\/i>\t<span class=\"counterup\">257<\/span><\/p>\n<h4>Servicios realizados 2020<\/h4>\n<\/div>\n<\/div>\n<\/div>\n<\/div>\n<\/div>\n<\/section>\n<section class=\"kc-elm kc-css-2270573 kc_row\">\n<div class=\"kc-row-container  kc-container\">\n<div class=\"kc-wrap-columns\">\n<div class=\"kc-elm kc-css-108020 kc_col-sm-7 kc_column kc_col-sm-7\">\n<div class=\"kc-col-container\">\n<div class=\"kc-elm kc-css-3834723 kc_text_block\">\n<h3 style=\"text-align: center;\"><span style=\"color: #ff6600;\">Pasos servicio Repair&#038;Go<\/span><\/h3>\n<ol>\n<li>Rellena el formulario indicando direcci\u00f3n y contacto (no es necesario inscribirse)<\/li>\n<li>La empresa de transporte recoger\u00e1 el bulto <strong>a portes pagados<\/strong>.<\/li>\n<li>Se valorar\u00e1 la aver\u00eda , har\u00e1 presupuesto y se <strong>pedir\u00e1 confirmaci\u00f3n<\/strong> del cliente.<\/li>\n<li>La empresa de transporte\u00a0te deja la m\u00e1quina reparada en tu casa o empresa.<\/li>\n<\/ol>\n<\/div>\n<div class=\"kc-elm kc-css-314801\" style=\"height: 20px; clear: both; width:100%;\"><\/div>\n<\/div>\n<\/div>\n<div class=\"kc-elm kc-css-147663 kc_col-sm-5 kc_column kc_col-sm-5\">\n<div class=\"kc-col-container\">\n<div class=\"kc-elm kc-css-475230 kc_text_block\">\n<h3 style=\"text-align: center;\"><span style=\"color: #ff6600;\">V\u00eddeo Promocional<\/span><\/h3>\n<\/div>\n<div class=\"kc-elm kc-css-1375326 kc_shortcode kc_video_play kc_video_wrapper\" data-video=\"https:\/\/www.youtube.com\/watch?v=QQphX8opL5c\" data-width=\"400\" data-height=\"225.98870056497\" data-fullwidth=\"\" data-autoplay=\"\" data-loop=\"\" data-control=\"yes\" data-related=\"\" data-showinfo=\"\" data-kc-video-mute=\"\">\n\t\t\t<\/div>\n<div class=\"kc-elm kc-css-1213066\" style=\"height: 20px; clear: both; width:100%;\"><\/div>\n<\/div>\n<\/div>\n<\/div>\n<\/div>\n<\/section>\n<section class=\"kc-elm kc-css-81383 kc_row\">\n<div class=\"kc-row-container  kc-container\">\n<div class=\"kc-wrap-columns\">\n<div class=\"kc-elm kc-css-1623015 kc_col-sm-3 kc_column kc_col-sm-3\">\n<div class=\"kc-col-container\"><\/div>\n<\/div>\n<div class=\"kc-elm kc-css-2042855 kc_col-sm-6 kc_column kc_col-sm-6\">\n<div class=\"kc-col-container\">\n<div class=\"kc-elm kc-css-764661 kc_text_block\">\n<h3 style=\"text-align: center;\"><span style=\"color: #ff6600;\">Formulario de recogida<\/span><\/h3>\n<\/div>\n<div class=\"kc-contact-form7 kc-elm kc-css-3202314\">\n<div role=\"form\" class=\"wpcf7\" id=\"wpcf7-f350-o2\" lang=\"es-ES\" dir=\"ltr\">\n<div class=\"screen-reader-response\">\n<p role=\"status\" aria-live=\"polite\" aria-atomic=\"true\">\n<ul><\/ul>\n<\/div>\n<form action=\"\/wp-admin\/post.php#wpcf7-f350-o2\" method=\"post\" class=\"wpcf7-form init\" novalidate=\"novalidate\" data-status=\"init\">\n<div style=\"display: none;\">\n<input type=\"hidden\" name=\"_wpcf7\" value=\"350\" \/><br \/>\n<input type=\"hidden\" name=\"_wpcf7_version\" value=\"5.3.2\" \/><br \/>\n<input type=\"hidden\" name=\"_wpcf7_locale\" value=\"es_ES\" \/><br \/>\n<input type=\"hidden\" name=\"_wpcf7_unit_tag\" value=\"wpcf7-f350-o2\" \/><br \/>\n<input type=\"hidden\" name=\"_wpcf7_container_post\" value=\"0\" \/><br \/>\n<input type=\"hidden\" name=\"_wpcf7_posted_data_hash\" value=\"\" \/>\n<\/div>\n<p><label> Nombre y Apellidos (*)<br \/>\n    <span class=\"wpcf7-form-control-wrap your-name\"><input type=\"text\" name=\"your-name\" value=\"\" size=\"40\" class=\"wpcf7-form-control wpcf7-text wpcf7-validates-as-required\" aria-required=\"true\" aria-invalid=\"false\" \/><\/span> <\/label><\/p>\n<p><label> Empresa<br \/>\n    <span class=\"wpcf7-form-control-wrap your-name2\"><input type=\"text\" name=\"your-name2\" value=\"\" size=\"40\" class=\"wpcf7-form-control wpcf7-text\" aria-invalid=\"false\" \/><\/span> <\/label><\/p>\n<p><label> DNI\/CIF (*)<br \/>\n   <span class=\"wpcf7-form-control-wrap dni\"><input type=\"text\" name=\"dni\" value=\"\" size=\"40\" class=\"wpcf7-form-control wpcf7-text wpcf7-validates-as-required\" aria-required=\"true\" aria-invalid=\"false\" \/><\/span>  <\/label><\/p>\n<p><label> Direcci\u00f3n recogida (*) <span class=\"wpcf7-form-control-wrap your-name3\"><input type=\"text\" name=\"your-name3\" value=\"\" size=\"40\" class=\"wpcf7-form-control wpcf7-text wpcf7-validates-as-required\" aria-required=\"true\" aria-invalid=\"false\" \/><\/span> <\/p>\n<p><\/label><\/p>\n<p> <label> CP (*)<br \/>\n  <span class=\"wpcf7-form-control-wrap text-400\"><input type=\"text\" name=\"text-400\" value=\"\" size=\"40\" class=\"wpcf7-form-control wpcf7-text wpcf7-validates-as-required\" id=\"CP\" aria-required=\"true\" aria-invalid=\"false\" \/><\/span>  <\/label><\/p>\n<p><label> Poblaci\u00f3n (*)<br \/>\n    <span class=\"wpcf7-form-control-wrap your-name4\"><input type=\"text\" name=\"your-name4\" value=\"\" size=\"40\" class=\"wpcf7-form-control wpcf7-text wpcf7-validates-as-required\" aria-required=\"true\" aria-invalid=\"false\" \/><\/span> <\/label><br \/>\n<label> Provincia<br \/>\n    <span class=\"wpcf7-form-control-wrap your-name5\"><input type=\"text\" name=\"your-name5\" value=\"\" size=\"40\" class=\"wpcf7-form-control wpcf7-text wpcf7-validates-as-required\" aria-required=\"true\" aria-invalid=\"false\" \/><\/span> <\/label><\/p>\n<p><label> Correo electr\u00f3nico (*)<br \/>\n    <span class=\"wpcf7-form-control-wrap your-email\"><input type=\"email\" name=\"your-email\" value=\"\" size=\"40\" class=\"wpcf7-form-control wpcf7-text wpcf7-email wpcf7-validates-as-required wpcf7-validates-as-email\" aria-required=\"true\" aria-invalid=\"false\" \/><\/span> <\/label><\/p>\n<p><label> Tel\u00e9fono de contacto (*)<br \/>\n    <span class=\"wpcf7-form-control-wrap tel-896\"><input type=\"tel\" name=\"tel-896\" value=\"\" size=\"40\" class=\"wpcf7-form-control wpcf7-text wpcf7-tel wpcf7-validates-as-required wpcf7-validates-as-tel\" aria-required=\"true\" aria-invalid=\"false\" \/><\/span> <\/label><\/p>\n<p><label> 2\u00ba Tel\u00e9fono de contacto (*)<br \/>\n    <span class=\"wpcf7-form-control-wrap tel-8967\"><input type=\"tel\" name=\"tel-8967\" value=\"\" size=\"40\" class=\"wpcf7-form-control wpcf7-text wpcf7-tel wpcf7-validates-as-tel\" aria-invalid=\"false\" \/><\/span> <\/label><br \/>\n<label> Tipo de m\u00e1quina (*)<br \/>\n    <span class=\"wpcf7-form-control-wrap your-name6\"><input type=\"text\" name=\"your-name6\" value=\"\" size=\"40\" class=\"wpcf7-form-control wpcf7-text wpcf7-validates-as-required\" aria-required=\"true\" aria-invalid=\"false\" \/><\/span> <\/label><\/p>\n<p><label> Explique brevemente la aver\u00eda<br \/>\n<span class=\"wpcf7-form-control-wrap text-200\"><input type=\"text\" name=\"text-200\" value=\"\" size=\"40\" class=\"wpcf7-form-control wpcf7-text\" aria-invalid=\"false\" \/><\/span> <\/label><\/p>\n<p><label> Horario en el que pueden pasar a retirar los paquetes (*)<br \/>\n<span class=\"wpcf7-form-control-wrap menu-666\"><select name=\"menu-666\" class=\"wpcf7-form-control wpcf7-select\" aria-invalid=\"false\"><option value=\"\">&#8212;<\/option><option value=\"Horario de ma\u00f1ana\">Horario de ma\u00f1ana<\/option><option value=\"Horario de tarde\">Horario de tarde<\/option><option value=\"Indiferente\">Indiferente<\/option><\/select><\/span> <\/label><\/p>\n<p><span class=\"wpcf7-form-control-wrap acceptance-251\"><span class=\"wpcf7-form-control wpcf7-acceptance\"><span class=\"wpcf7-list-item\"><label><input type=\"checkbox\" name=\"acceptance-251\" value=\"1\" aria-invalid=\"false\" \/><span class=\"wpcf7-list-item-label\">Acepto la <a href=\"https:\/\/jadelafuente.es\/?page_id=894\/\">pol\u00edtica de privacidad<\/a><\/span><\/label><\/span><\/span><\/span><\/p>\n<p><input type=\"submit\" value=\"Enviar\" class=\"wpcf7-form-control wpcf7-submit\" \/><\/p>\n<p> (*) Campos necesarios <\/p>\n<p><input type='hidden' class='wpcf7-pum' value='{\"closepopup\":false,\"closedelay\":0,\"openpopup\":false,\"openpopup_id\":0}' \/><\/p>\n<div class=\"wpcf7-response-output\" aria-hidden=\"true\"><\/div>\n<\/form>\n<\/div>\n<\/div>\n<\/div>\n<\/div>\n<div class=\"kc-elm kc-css-3095681 kc_col-sm-3 kc_column kc_col-sm-3\">\n<div class=\"kc-col-container\"><\/div>\n<\/div>\n<\/div>\n<\/div>\n<\/section>\n","protected":false},"excerpt":{"rendered":"<p>\u00a1Tarifa env\u00edo \u00fanica sin sorpresas\u00a010 \u20ac + IVA! 93 % Satisfacci\u00f3n 257 Servicios realizados 2020 Pasos servicio Repair&#038;Go Rellena el formulario indicando direcci\u00f3n y contacto (no es necesario inscribirse) La empresa de transporte recoger\u00e1 el bulto a portes pagados. Se valorar\u00e1 la aver\u00eda , har\u00e1 presupuesto y se pedir\u00e1 confirmaci\u00f3n del cliente. La empresa de [&hellip;]<\/p>\n","protected":false},"author":2,"featured_media":0,"parent":15,"menu_order":0,"comment_status":"closed","ping_status":"closed","template":"","meta":{"footnotes":""},"class_list":["post-349","page","type-page","status-publish","hentry"],"yoast_head":"<!-- This site is optimized with the Yoast SEO plugin v27.4 - https:\/\/yoast.com\/product\/yoast-seo-wordpress\/ -->\n<title>Servicio Recogida M\u00e1quinas - J.A de la Fuente<\/title>\n<meta name=\"description\" content=\"Descubre nuestro servicio de recogida y reparaci\u00f3n de m\u00e1quina el\u00e9ctrica a domicilio. Contacta sin compromiso y disfruta del servicio puntero de reparaci\u00f3n. Lacalizados en Pamplona, Navarra.\" \/>\n<meta name=\"robots\" content=\"index, follow, max-snippet:-1, max-image-preview:large, max-video-preview:-1\" \/>\n<link rel=\"canonical\" href=\"https:\/\/jadelafuente.es\/?page_id=349\" \/>\n<meta property=\"og:locale\" content=\"es_ES\" \/>\n<meta property=\"og:type\" content=\"article\" \/>\n<meta property=\"og:title\" content=\"Servicio Recogida M\u00e1quinas - J.A de la Fuente\" \/>\n<meta property=\"og:description\" content=\"Descubre nuestro servicio de recogida y reparaci\u00f3n de m\u00e1quina el\u00e9ctrica a domicilio. Contacta sin compromiso y disfruta del servicio puntero de reparaci\u00f3n. Lacalizados en Pamplona, Navarra.\" \/>\n<meta property=\"og:url\" content=\"https:\/\/jadelafuente.es\/?page_id=349\" \/>\n<meta property=\"og:site_name\" content=\"J.A de la Fuente\" \/>\n<meta property=\"article:modified_time\" content=\"2021-02-07T19:25:40+00:00\" \/>\n<meta property=\"og:image\" content=\"https:\/\/jadelafuente.es\/wp-content\/uploads\/2017\/06\/ciclo-e1516443537782.png\" \/>\n<meta name=\"twitter:card\" content=\"summary_large_image\" \/>\n<meta name=\"twitter:label1\" content=\"Tiempo de lectura\" \/>\n\t<meta name=\"twitter:data1\" content=\"1 minuto\" \/>\n<script type=\"application\/ld+json\" class=\"yoast-schema-graph\">{\"@context\":\"https:\\\/\\\/schema.org\",\"@graph\":[{\"@type\":\"WebPage\",\"@id\":\"https:\\\/\\\/jadelafuente.es\\\/?page_id=349\",\"url\":\"https:\\\/\\\/jadelafuente.es\\\/?page_id=349\",\"name\":\"Servicio Recogida M\u00e1quinas - J.A de la Fuente\",\"isPartOf\":{\"@id\":\"https:\\\/\\\/jadelafuente.es\\\/#website\"},\"primaryImageOfPage\":{\"@id\":\"https:\\\/\\\/jadelafuente.es\\\/?page_id=349#primaryimage\"},\"image\":{\"@id\":\"https:\\\/\\\/jadelafuente.es\\\/?page_id=349#primaryimage\"},\"thumbnailUrl\":\"https:\\\/\\\/jadelafuente.es\\\/wp-content\\\/uploads\\\/2017\\\/06\\\/ciclo-e1516443537782.png\",\"datePublished\":\"2017-07-14T18:32:18+00:00\",\"dateModified\":\"2021-02-07T19:25:40+00:00\",\"description\":\"Descubre nuestro servicio de recogida y reparaci\u00f3n de m\u00e1quina el\u00e9ctrica a domicilio. Contacta sin compromiso y disfruta del servicio puntero de reparaci\u00f3n. Lacalizados en Pamplona, Navarra.\",\"breadcrumb\":{\"@id\":\"https:\\\/\\\/jadelafuente.es\\\/?page_id=349#breadcrumb\"},\"inLanguage\":\"es\",\"potentialAction\":[{\"@type\":\"ReadAction\",\"target\":[\"https:\\\/\\\/jadelafuente.es\\\/?page_id=349\"]}]},{\"@type\":\"ImageObject\",\"inLanguage\":\"es\",\"@id\":\"https:\\\/\\\/jadelafuente.es\\\/?page_id=349#primaryimage\",\"url\":\"https:\\\/\\\/jadelafuente.es\\\/wp-content\\\/uploads\\\/2017\\\/06\\\/ciclo-e1516443537782.png\",\"contentUrl\":\"https:\\\/\\\/jadelafuente.es\\\/wp-content\\\/uploads\\\/2017\\\/06\\\/ciclo-e1516443537782.png\"},{\"@type\":\"BreadcrumbList\",\"@id\":\"https:\\\/\\\/jadelafuente.es\\\/?page_id=349#breadcrumb\",\"itemListElement\":[{\"@type\":\"ListItem\",\"position\":1,\"name\":\"Portada\",\"item\":\"https:\\\/\\\/jadelafuente.es\\\/\"},{\"@type\":\"ListItem\",\"position\":2,\"name\":\"Servicios\",\"item\":\"https:\\\/\\\/jadelafuente.es\\\/?page_id=15\"},{\"@type\":\"ListItem\",\"position\":3,\"name\":\"Env\u00eda tu m\u00e1quina\"}]},{\"@type\":\"WebSite\",\"@id\":\"https:\\\/\\\/jadelafuente.es\\\/#website\",\"url\":\"https:\\\/\\\/jadelafuente.es\\\/\",\"name\":\"J.A de la Fuente\",\"description\":\"Servicio t\u00e9cnico de reparaci\u00f3n multimarca\",\"publisher\":{\"@id\":\"https:\\\/\\\/jadelafuente.es\\\/#organization\"},\"potentialAction\":[{\"@type\":\"SearchAction\",\"target\":{\"@type\":\"EntryPoint\",\"urlTemplate\":\"https:\\\/\\\/jadelafuente.es\\\/?s={search_term_string}\"},\"query-input\":{\"@type\":\"PropertyValueSpecification\",\"valueRequired\":true,\"valueName\":\"search_term_string\"}}],\"inLanguage\":\"es\"},{\"@type\":\"Organization\",\"@id\":\"https:\\\/\\\/jadelafuente.es\\\/#organization\",\"name\":\"J.A de la Fuente\",\"url\":\"https:\\\/\\\/jadelafuente.es\\\/\",\"logo\":{\"@type\":\"ImageObject\",\"inLanguage\":\"es\",\"@id\":\"https:\\\/\\\/jadelafuente.es\\\/#\\\/schema\\\/logo\\\/image\\\/\",\"url\":\"https:\\\/\\\/jadelafuente.es\\\/wp-content\\\/uploads\\\/2021\\\/03\\\/cropped-unnamed.png\",\"contentUrl\":\"https:\\\/\\\/jadelafuente.es\\\/wp-content\\\/uploads\\\/2021\\\/03\\\/cropped-unnamed.png\",\"width\":640,\"height\":277,\"caption\":\"J.A de la Fuente\"},\"image\":{\"@id\":\"https:\\\/\\\/jadelafuente.es\\\/#\\\/schema\\\/logo\\\/image\\\/\"}}]}<\/script>\n<!-- \/ Yoast SEO plugin. -->","yoast_head_json":{"title":"Servicio Recogida M\u00e1quinas - J.A de la Fuente","description":"Descubre nuestro servicio de recogida y reparaci\u00f3n de m\u00e1quina el\u00e9ctrica a domicilio. Contacta sin compromiso y disfruta del servicio puntero de reparaci\u00f3n. Lacalizados en Pamplona, Navarra.","robots":{"index":"index","follow":"follow","max-snippet":"max-snippet:-1","max-image-preview":"max-image-preview:large","max-video-preview":"max-video-preview:-1"},"canonical":"https:\/\/jadelafuente.es\/?page_id=349","og_locale":"es_ES","og_type":"article","og_title":"Servicio Recogida M\u00e1quinas - J.A de la Fuente","og_description":"Descubre nuestro servicio de recogida y reparaci\u00f3n de m\u00e1quina el\u00e9ctrica a domicilio. Contacta sin compromiso y disfruta del servicio puntero de reparaci\u00f3n. Lacalizados en Pamplona, Navarra.","og_url":"https:\/\/jadelafuente.es\/?page_id=349","og_site_name":"J.A de la Fuente","article_modified_time":"2021-02-07T19:25:40+00:00","og_image":[{"url":"https:\/\/jadelafuente.es\/wp-content\/uploads\/2017\/06\/ciclo-e1516443537782.png","type":"","width":"","height":""}],"twitter_card":"summary_large_image","twitter_misc":{"Tiempo de lectura":"1 minuto"},"schema":{"@context":"https:\/\/schema.org","@graph":[{"@type":"WebPage","@id":"https:\/\/jadelafuente.es\/?page_id=349","url":"https:\/\/jadelafuente.es\/?page_id=349","name":"Servicio Recogida M\u00e1quinas - J.A de la Fuente","isPartOf":{"@id":"https:\/\/jadelafuente.es\/#website"},"primaryImageOfPage":{"@id":"https:\/\/jadelafuente.es\/?page_id=349#primaryimage"},"image":{"@id":"https:\/\/jadelafuente.es\/?page_id=349#primaryimage"},"thumbnailUrl":"https:\/\/jadelafuente.es\/wp-content\/uploads\/2017\/06\/ciclo-e1516443537782.png","datePublished":"2017-07-14T18:32:18+00:00","dateModified":"2021-02-07T19:25:40+00:00","description":"Descubre nuestro servicio de recogida y reparaci\u00f3n de m\u00e1quina el\u00e9ctrica a domicilio. Contacta sin compromiso y disfruta del servicio puntero de reparaci\u00f3n. Lacalizados en Pamplona, Navarra.","breadcrumb":{"@id":"https:\/\/jadelafuente.es\/?page_id=349#breadcrumb"},"inLanguage":"es","potentialAction":[{"@type":"ReadAction","target":["https:\/\/jadelafuente.es\/?page_id=349"]}]},{"@type":"ImageObject","inLanguage":"es","@id":"https:\/\/jadelafuente.es\/?page_id=349#primaryimage","url":"https:\/\/jadelafuente.es\/wp-content\/uploads\/2017\/06\/ciclo-e1516443537782.png","contentUrl":"https:\/\/jadelafuente.es\/wp-content\/uploads\/2017\/06\/ciclo-e1516443537782.png"},{"@type":"BreadcrumbList","@id":"https:\/\/jadelafuente.es\/?page_id=349#breadcrumb","itemListElement":[{"@type":"ListItem","position":1,"name":"Portada","item":"https:\/\/jadelafuente.es\/"},{"@type":"ListItem","position":2,"name":"Servicios","item":"https:\/\/jadelafuente.es\/?page_id=15"},{"@type":"ListItem","position":3,"name":"Env\u00eda tu m\u00e1quina"}]},{"@type":"WebSite","@id":"https:\/\/jadelafuente.es\/#website","url":"https:\/\/jadelafuente.es\/","name":"J.A de la Fuente","description":"Servicio t\u00e9cnico de reparaci\u00f3n multimarca","publisher":{"@id":"https:\/\/jadelafuente.es\/#organization"},"potentialAction":[{"@type":"SearchAction","target":{"@type":"EntryPoint","urlTemplate":"https:\/\/jadelafuente.es\/?s={search_term_string}"},"query-input":{"@type":"PropertyValueSpecification","valueRequired":true,"valueName":"search_term_string"}}],"inLanguage":"es"},{"@type":"Organization","@id":"https:\/\/jadelafuente.es\/#organization","name":"J.A de la Fuente","url":"https:\/\/jadelafuente.es\/","logo":{"@type":"ImageObject","inLanguage":"es","@id":"https:\/\/jadelafuente.es\/#\/schema\/logo\/image\/","url":"https:\/\/jadelafuente.es\/wp-content\/uploads\/2021\/03\/cropped-unnamed.png","contentUrl":"https:\/\/jadelafuente.es\/wp-content\/uploads\/2021\/03\/cropped-unnamed.png","width":640,"height":277,"caption":"J.A de la Fuente"},"image":{"@id":"https:\/\/jadelafuente.es\/#\/schema\/logo\/image\/"}}]}},"_links":{"self":[{"href":"https:\/\/jadelafuente.es\/index.php?rest_route=\/wp\/v2\/pages\/349","targetHints":{"allow":["GET"]}}],"collection":[{"href":"https:\/\/jadelafuente.es\/index.php?rest_route=\/wp\/v2\/pages"}],"about":[{"href":"https:\/\/jadelafuente.es\/index.php?rest_route=\/wp\/v2\/types\/page"}],"author":[{"embeddable":true,"href":"https:\/\/jadelafuente.es\/index.php?rest_route=\/wp\/v2\/users\/2"}],"replies":[{"embeddable":true,"href":"https:\/\/jadelafuente.es\/index.php?rest_route=%2Fwp%2Fv2%2Fcomments&post=349"}],"version-history":[{"count":97,"href":"https:\/\/jadelafuente.es\/index.php?rest_route=\/wp\/v2\/pages\/349\/revisions"}],"predecessor-version":[{"id":1015,"href":"https:\/\/jadelafuente.es\/index.php?rest_route=\/wp\/v2\/pages\/349\/revisions\/1015"}],"up":[{"embeddable":true,"href":"https:\/\/jadelafuente.es\/index.php?rest_route=\/wp\/v2\/pages\/15"}],"wp:attachment":[{"href":"https:\/\/jadelafuente.es\/index.php?rest_route=%2Fwp%2Fv2%2Fmedia&parent=349"}],"curies":[{"name":"wp","href":"https:\/\/api.w.org\/{rel}","templated":true}]}}