{"id":306,"date":"2017-06-28T21:35:38","date_gmt":"2017-06-28T21:35:38","guid":{"rendered":"http:\/\/jadelafuente.es\/?page_id=306"},"modified":"2021-03-22T17:57:12","modified_gmt":"2021-03-22T16:57:12","slug":"baterias-clonadas-herramientas-electricas","status":"publish","type":"page","link":"https:\/\/jadelafuente.es\/?page_id=306","title":{"rendered":"R\u00e9plica de bater\u00edas herramientas el\u00e9ctricas"},"content":{"rendered":"<style type=\"text\/css\">@media only screen and (min-width: 1000px) and (max-width: 5000px){body.kc-css-system .kc-css-2643172{width: 67.25%;}body.kc-css-system .kc-css-1106949{width: 32.74%;}body.kc-css-system .kc-css-1429080{width: 25%;}body.kc-css-system .kc-css-1606817{width: 25%;}body.kc-css-system .kc-css-3135096{width: 25%;}body.kc-css-system .kc-css-1623043{width: 25%;}body.kc-css-system .kc-css-2939132{width: 33.33%;}body.kc-css-system .kc-css-2661637{width: 33.33%;}body.kc-css-system .kc-css-444107{width: 33.33%;}}body.kc-css-system .kc-css-3688415 ,body.kc-css-system .kc-css-3688415 p{font-family: Open Sans;}body.kc-css-system .kc-css-2163640 ,body.kc-css-system .kc-css-2163640 p{font-family: Open Sans;}body.kc-css-system .kc-css-4002428 ,body.kc-css-system .kc-css-4002428 p{font-family: Open Sans;}body.kc-css-system .kc-css-62047{text-align: center;}body.kc-css-system .kc-css-2800928{text-align: center;}body.kc-css-system .kc-css-2272800{text-align: center;}body.kc-css-system .kc-css-4328620{text-align: center;}body.kc-css-system .kc-css-1059602{text-align: center;}body.kc-css-system .kc-css-492000{text-align: center;}body.kc-css-system .kc-css-1825479{text-align: center;}<\/style>\n<section class=\"kc-elm kc-css-2704264 kc_row\">\n<div class=\"kc-row-container  kc-container\">\n<div class=\"kc-wrap-columns\">\n<div class=\"kc-elm kc-css-2643172 kc_col-sm-8 kc_column kc_col-sm-8\">\n<div class=\"kc-col-container\">\n<div class=\"kc-elm kc-css-3688415 kc_text_block\">\n<h1 style=\"text-align: center;\"><span style=\"color: #fe7a22;\">\u00a1No te quedes sin bater\u00eda!<\/span><\/h1>\n<p>Los elevados precios de las bater\u00edas que comercializan las marcas de herramienta del mercado han hecho que surjan este tipo de bater\u00edas clonadas a un precio bastante inferior al de las originales. Estas cuentan con las <strong>mismas especificaciones pero con un coste muy inferior.<\/strong><\/p>\n<hr \/>\n<p>Si tu bater\u00eda est\u00e1 fallando, su autonom\u00eda ya no es la misma pide presupuesto y <strong>ahorra hasta un 40%.<\/strong><\/p>\n<\/div>\n<\/div>\n<\/div>\n<div class=\"kc-elm kc-css-1106949 kc_col-sm-4 kc_column kc_col-sm-4\">\n<div class=\"kc-col-container\">\n<div class=\"kc-elm kc-css-2163640 kc_text_block\">\n<h3 style=\"text-align: center;\"><span style=\"color: #ff6600;\">\u00a1Garant\u00eda de calidad 12 meses!<\/span><\/h3>\n<\/div>\n<div class=\"kc-elm kc-css-4002428 kc_text_block\">\n<p style=\"text-align: center;\">Listado de marcas compatibes<\/p>\n<p style=\"text-align: center;\">BOSCH &#8211; METABO &#8211; MAKITA &#8211; HITACHI -HILTI &#8211; AEG &#8211; MILWAUKEE &#8211; DEWALT &#8211; BLACK AND DECKER &#8211; FESTOOL &#8211;\u00a0 BERNER &#8211; DREMEL &#8211; GESIPA &#8211; RYOBI &#8211; SPIT &#8211; SKIL &#8211; LINCOLN &#8211; PANASONIC&#8230;<\/p>\n<\/div>\n<\/div>\n<\/div>\n<\/div>\n<\/div>\n<\/section>\n<section class=\"kc-elm kc-css-3545533 kc_row\">\n<div class=\"kc-row-container  kc-container\">\n<div class=\"kc-wrap-columns\">\n<div class=\"kc-elm kc-css-1429080 kc_col-sm-3 kc_column kc_col-sm-3\">\n<div class=\"kc-col-container\">\n<div class=\"kc-elm kc-css-62047 kc_shortcode kc_single_image\">\n<p>        <img decoding=\"async\" src=\"https:\/\/jadelafuente.es\/wp-content\/uploads\/2017\/06\/hilti363amp.jpg\" class=\"\" alt=\"\" \/>    <\/div>\n<div class=\"kc-elm kc-css-4040441 kc_text_block\">\n<p style=\"text-align: center;\">BATERIA CLONADA HILTI\u00a0 36 voltios\u00a0 3,0 A\u00a0 \u00a0 \u00a0 \u00a0 \u00a0 \u00a0<span style=\"color: #ff6600;\">134,90 \u00a0\u20ac (\u00a0IVA inclu\u00eddo )<\/span><\/p>\n<\/div>\n<\/div>\n<\/div>\n<div class=\"kc-elm kc-css-1606817 kc_col-sm-3 kc_column kc_col-sm-3\">\n<div class=\"kc-col-container\">\n<div class=\"kc-elm kc-css-2800928 kc_shortcode kc_single_image\">\n<p>        <img decoding=\"async\" src=\"https:\/\/jadelafuente.es\/wp-content\/uploads\/2017\/06\/AMH9029.jpg\" class=\"\" alt=\"\" \/>    <\/div>\n<div class=\"kc-elm kc-css-885846 kc_text_block\">\n<p style=\"text-align: center;\"><span style=\"color: #0000ff;\"><span style=\"color: #000000;\">BATERIA CLONADA BOSCH 12 v\u00a0 2,1 A\u00a0 \u00a0 \u00a0 \u00a0<\/span><span style=\"color: #ff6600;\">32,80\u00a0\u20ac (\u00a0IVA inclu\u00eddo )<\/span><\/span><\/p>\n<\/div>\n<\/div>\n<\/div>\n<div class=\"kc-elm kc-css-3135096 kc_col-sm-3 kc_column kc_col-sm-3\">\n<div class=\"kc-col-container\">\n<div class=\"kc-elm kc-css-2272800 kc_shortcode kc_single_image\">\n<p>        <img decoding=\"async\" src=\"https:\/\/jadelafuente.es\/wp-content\/uploads\/2017\/06\/AMH9025.jpg\" class=\"\" alt=\"\" \/>    <\/div>\n<div class=\"kc-elm kc-css-765883 kc_text_block\">\n<p style=\"text-align: center;\"><span style=\"color: #0000ff;\"><span style=\"color: #000000;\">BATERIA CLONADA DEWALT\u00a0 18 voltios\u00a0 3 A\u00a0<\/span>\u00a0\u00a0<span style=\"color: #ff6600;\"> 50,90 \u00a0\u20ac (\u00a0IVA inclu\u00eddo )<\/span><\/span><\/p>\n<\/div>\n<\/div>\n<\/div>\n<div class=\"kc-elm kc-css-1623043 kc_col-sm-3 kc_column kc_col-sm-3\">\n<div class=\"kc-col-container\">\n<div class=\"kc-elm kc-css-4328620 kc_shortcode kc_single_image\">\n<p>        <img decoding=\"async\" src=\"https:\/\/jadelafuente.es\/wp-content\/uploads\/2017\/06\/AMH9006.jpg\" class=\"\" alt=\"\" \/>    <\/div>\n<div class=\"kc-elm kc-css-3971077 kc_text_block\">\n<p style=\"text-align: center;\"><span style=\"color: #000000;\">BATERIA CLONADA BOSCH 12 v 3,0A<\/span><span style=\"color: #0000ff;\">\u00a0 \u00a0 \u00a0 \u00a0 \u00a0 \u00a0<span style=\"color: #ff6600;\">41,80 \u00a0\u20ac (\u00a0IVA inclu\u00eddo )<\/span><\/span><\/p>\n<\/div>\n<\/div>\n<\/div>\n<\/div>\n<\/div>\n<\/section>\n<section class=\"kc-elm kc-css-1019588 kc_row\">\n<div class=\"kc-row-container  kc-container\">\n<div class=\"kc-wrap-columns\">\n<div class=\"kc-elm kc-css-2939132 kc_col-sm-4 kc_column kc_col-sm-4\">\n<div class=\"kc-col-container\">\n<div class=\"kc-elm kc-css-1059602 kc_shortcode kc_single_image\">\n<p>        <img decoding=\"async\" src=\"https:\/\/jadelafuente.es\/wp-content\/uploads\/2017\/06\/AMH9019.jpg\" class=\"\" alt=\"\" \/>    <\/div>\n<div class=\"kc-elm kc-css-942896 kc_text_block\">\n<p style=\"text-align: center;\"><span style=\"color: #0000ff;\"><span style=\"color: #000000;\">BATERIA CLONADA BOSCH 24 v\u00a0 3,0 A\u00a0<\/span><\/span><\/p>\n<p style=\"text-align: center;\"><span style=\"color: #0000ff;\"><span style=\"color: #ff6600;\">106,80 \u00a0\u20ac (\u00a0IVA inclu\u00eddo )<\/span><\/span><\/p>\n<\/div>\n<\/div>\n<\/div>\n<div class=\"kc-elm kc-css-2661637 kc_col-sm-4 kc_column kc_col-sm-4\">\n<div class=\"kc-col-container\">\n<div class=\"kc-elm kc-css-492000 kc_shortcode kc_single_image\">\n<p>        <img decoding=\"async\" src=\"https:\/\/jadelafuente.es\/wp-content\/uploads\/2017\/06\/36v3amp.jpg\" class=\"\" alt=\"\" \/>    <\/div>\n<div class=\"kc-elm kc-css-1118143 kc_text_block\">\n<p style=\"text-align: center;\"><span style=\"color: #0000ff;\"><span style=\"color: #000000;\">BATERIA CLONADA BOSCH\u00a0 36 v\u00a0 3,0 A\u00a0 \u00a0 \u00a0<\/span><\/span><\/p>\n<p style=\"text-align: center;\"><span style=\"color: #0000ff;\"><span style=\"color: #ff6600;\">133,50 \u00a0\u20ac (\u00a0IVA inclu\u00eddo )<\/span><\/span><\/p>\n<\/div>\n<\/div>\n<\/div>\n<div class=\"kc-elm kc-css-444107 kc_col-sm-4 kc_column kc_col-sm-4\">\n<div class=\"kc-col-container\">\n<div class=\"kc-elm kc-css-1825479 kc_shortcode kc_single_image\">\n<p>        <img decoding=\"async\" src=\"https:\/\/jadelafuente.es\/wp-content\/uploads\/2017\/06\/36v15amp.jpg\" class=\"\" alt=\"\" \/>    <\/div>\n<div class=\"kc-elm kc-css-3278136 kc_text_block\">\n<p style=\"text-align: center;\"><span style=\"color: #0000ff;\"><span style=\"color: #000000;\">BATERIA CLONADA BOSCH 36 v\u00a0 1,5 A\u00a0 \u00a0 \u00a0 \u00a0\u00a0<\/span>\u00a0<\/span><\/p>\n<p style=\"text-align: center;\"><span style=\"color: #0000ff;\"><span style=\"color: #ff6600;\">71,80 \u00a0\u20ac (\u00a0IVA inclu\u00eddo )<\/span><\/span><\/p>\n<\/div>\n<\/div>\n<\/div>\n<\/div>\n<\/div>\n<\/section>\n<section class=\"kc-elm kc-css-1312636 kc_row\">\n<div class=\"kc-row-container  kc-container\">\n<div class=\"kc-wrap-columns\">\n<div class=\"kc-elm kc-css-4313836 kc_column kc_col-sm-12\">\n<div class=\"kc-col-container\">\n<div class=\"kc-elm kc-css-2667251 kc_text_block\">\n<h3 style=\"text-align: center;\">Plazo entrega aproximado 5-6 d\u00edas\u00a0 ( importe transporte a\u00a0 consultar )<\/h3>\n<h3 style=\"text-align: center;\"><a href=\"https:\/\/jadelafuente.es\/?page_id=19\"><span style=\"color: #ff6600;\">\u00a1Pide presupuesto!<\/span><\/a><\/h3>\n<\/div>\n<\/div>\n<\/div>\n<\/div>\n<\/div>\n<\/section>\n","protected":false},"excerpt":{"rendered":"<p>\u00a1No te quedes sin bater\u00eda! Los elevados precios de las bater\u00edas que comercializan las marcas de herramienta del mercado han hecho que surjan este tipo de bater\u00edas clonadas a un precio bastante inferior al de las originales. Estas cuentan con las mismas especificaciones pero con un coste muy inferior. Si tu bater\u00eda est\u00e1 fallando, su [&hellip;]<\/p>\n","protected":false},"author":2,"featured_media":0,"parent":0,"menu_order":0,"comment_status":"closed","ping_status":"closed","template":"","meta":{"footnotes":""},"class_list":["post-306","page","type-page","status-publish","hentry"],"yoast_head":"<!-- This site is optimized with the Yoast SEO plugin v27.4 - https:\/\/yoast.com\/product\/yoast-seo-wordpress\/ -->\n<title>Bateria clonada para herramienta el\u00e9ctrica - J.A de la Fuente<\/title>\n<meta name=\"description\" content=\"Bateria para tu herramienta. Encuentra las mismas prestaciones con la mejor calidad a un precio justo. Reparac\u00edon en Pamplona.\" \/>\n<meta name=\"robots\" content=\"index, follow, max-snippet:-1, max-image-preview:large, max-video-preview:-1\" \/>\n<link rel=\"canonical\" href=\"https:\/\/jadelafuente.es\/?page_id=306\" \/>\n<meta property=\"og:locale\" content=\"es_ES\" \/>\n<meta property=\"og:type\" content=\"article\" \/>\n<meta property=\"og:title\" content=\"Bateria clonada para herramienta el\u00e9ctrica - J.A de la Fuente\" \/>\n<meta property=\"og:description\" content=\"Bateria para tu herramienta. Encuentra las mismas prestaciones con la mejor calidad a un precio justo. Reparac\u00edon en Pamplona.\" \/>\n<meta property=\"og:url\" content=\"https:\/\/jadelafuente.es\/?page_id=306\" \/>\n<meta property=\"og:site_name\" content=\"J.A de la Fuente\" \/>\n<meta property=\"article:modified_time\" content=\"2021-03-22T16:57:12+00:00\" \/>\n<meta property=\"og:image\" content=\"https:\/\/jadelafuente.es\/wp-content\/uploads\/2017\/06\/hilti363amp.jpg\" \/>\n<meta name=\"twitter:card\" content=\"summary_large_image\" \/>\n<meta name=\"twitter:label1\" content=\"Tiempo de lectura\" \/>\n\t<meta name=\"twitter:data1\" content=\"1 minuto\" \/>\n<script type=\"application\/ld+json\" class=\"yoast-schema-graph\">{\"@context\":\"https:\\\/\\\/schema.org\",\"@graph\":[{\"@type\":\"WebPage\",\"@id\":\"https:\\\/\\\/jadelafuente.es\\\/?page_id=306\",\"url\":\"https:\\\/\\\/jadelafuente.es\\\/?page_id=306\",\"name\":\"Bateria clonada para herramienta el\u00e9ctrica - J.A de la Fuente\",\"isPartOf\":{\"@id\":\"https:\\\/\\\/jadelafuente.es\\\/#website\"},\"primaryImageOfPage\":{\"@id\":\"https:\\\/\\\/jadelafuente.es\\\/?page_id=306#primaryimage\"},\"image\":{\"@id\":\"https:\\\/\\\/jadelafuente.es\\\/?page_id=306#primaryimage\"},\"thumbnailUrl\":\"https:\\\/\\\/jadelafuente.es\\\/wp-content\\\/uploads\\\/2017\\\/06\\\/hilti363amp.jpg\",\"datePublished\":\"2017-06-28T21:35:38+00:00\",\"dateModified\":\"2021-03-22T16:57:12+00:00\",\"description\":\"Bateria para tu herramienta. Encuentra las mismas prestaciones con la mejor calidad a un precio justo. Reparac\u00edon en Pamplona.\",\"breadcrumb\":{\"@id\":\"https:\\\/\\\/jadelafuente.es\\\/?page_id=306#breadcrumb\"},\"inLanguage\":\"es\",\"potentialAction\":[{\"@type\":\"ReadAction\",\"target\":[\"https:\\\/\\\/jadelafuente.es\\\/?page_id=306\"]}]},{\"@type\":\"ImageObject\",\"inLanguage\":\"es\",\"@id\":\"https:\\\/\\\/jadelafuente.es\\\/?page_id=306#primaryimage\",\"url\":\"https:\\\/\\\/jadelafuente.es\\\/wp-content\\\/uploads\\\/2017\\\/06\\\/hilti363amp.jpg\",\"contentUrl\":\"https:\\\/\\\/jadelafuente.es\\\/wp-content\\\/uploads\\\/2017\\\/06\\\/hilti363amp.jpg\"},{\"@type\":\"BreadcrumbList\",\"@id\":\"https:\\\/\\\/jadelafuente.es\\\/?page_id=306#breadcrumb\",\"itemListElement\":[{\"@type\":\"ListItem\",\"position\":1,\"name\":\"Portada\",\"item\":\"https:\\\/\\\/jadelafuente.es\\\/\"},{\"@type\":\"ListItem\",\"position\":2,\"name\":\"R\u00e9plica de bater\u00edas herramientas el\u00e9ctricas\"}]},{\"@type\":\"WebSite\",\"@id\":\"https:\\\/\\\/jadelafuente.es\\\/#website\",\"url\":\"https:\\\/\\\/jadelafuente.es\\\/\",\"name\":\"J.A de la Fuente\",\"description\":\"Servicio t\u00e9cnico de reparaci\u00f3n multimarca\",\"publisher\":{\"@id\":\"https:\\\/\\\/jadelafuente.es\\\/#organization\"},\"potentialAction\":[{\"@type\":\"SearchAction\",\"target\":{\"@type\":\"EntryPoint\",\"urlTemplate\":\"https:\\\/\\\/jadelafuente.es\\\/?s={search_term_string}\"},\"query-input\":{\"@type\":\"PropertyValueSpecification\",\"valueRequired\":true,\"valueName\":\"search_term_string\"}}],\"inLanguage\":\"es\"},{\"@type\":\"Organization\",\"@id\":\"https:\\\/\\\/jadelafuente.es\\\/#organization\",\"name\":\"J.A de la Fuente\",\"url\":\"https:\\\/\\\/jadelafuente.es\\\/\",\"logo\":{\"@type\":\"ImageObject\",\"inLanguage\":\"es\",\"@id\":\"https:\\\/\\\/jadelafuente.es\\\/#\\\/schema\\\/logo\\\/image\\\/\",\"url\":\"https:\\\/\\\/jadelafuente.es\\\/wp-content\\\/uploads\\\/2021\\\/03\\\/cropped-unnamed.png\",\"contentUrl\":\"https:\\\/\\\/jadelafuente.es\\\/wp-content\\\/uploads\\\/2021\\\/03\\\/cropped-unnamed.png\",\"width\":640,\"height\":277,\"caption\":\"J.A de la Fuente\"},\"image\":{\"@id\":\"https:\\\/\\\/jadelafuente.es\\\/#\\\/schema\\\/logo\\\/image\\\/\"}}]}<\/script>\n<!-- \/ Yoast SEO plugin. -->","yoast_head_json":{"title":"Bateria clonada para herramienta el\u00e9ctrica - J.A de la Fuente","description":"Bateria para tu herramienta. Encuentra las mismas prestaciones con la mejor calidad a un precio justo. Reparac\u00edon en Pamplona.","robots":{"index":"index","follow":"follow","max-snippet":"max-snippet:-1","max-image-preview":"max-image-preview:large","max-video-preview":"max-video-preview:-1"},"canonical":"https:\/\/jadelafuente.es\/?page_id=306","og_locale":"es_ES","og_type":"article","og_title":"Bateria clonada para herramienta el\u00e9ctrica - J.A de la Fuente","og_description":"Bateria para tu herramienta. Encuentra las mismas prestaciones con la mejor calidad a un precio justo. Reparac\u00edon en Pamplona.","og_url":"https:\/\/jadelafuente.es\/?page_id=306","og_site_name":"J.A de la Fuente","article_modified_time":"2021-03-22T16:57:12+00:00","og_image":[{"url":"https:\/\/jadelafuente.es\/wp-content\/uploads\/2017\/06\/hilti363amp.jpg","type":"","width":"","height":""}],"twitter_card":"summary_large_image","twitter_misc":{"Tiempo de lectura":"1 minuto"},"schema":{"@context":"https:\/\/schema.org","@graph":[{"@type":"WebPage","@id":"https:\/\/jadelafuente.es\/?page_id=306","url":"https:\/\/jadelafuente.es\/?page_id=306","name":"Bateria clonada para herramienta el\u00e9ctrica - J.A de la Fuente","isPartOf":{"@id":"https:\/\/jadelafuente.es\/#website"},"primaryImageOfPage":{"@id":"https:\/\/jadelafuente.es\/?page_id=306#primaryimage"},"image":{"@id":"https:\/\/jadelafuente.es\/?page_id=306#primaryimage"},"thumbnailUrl":"https:\/\/jadelafuente.es\/wp-content\/uploads\/2017\/06\/hilti363amp.jpg","datePublished":"2017-06-28T21:35:38+00:00","dateModified":"2021-03-22T16:57:12+00:00","description":"Bateria para tu herramienta. Encuentra las mismas prestaciones con la mejor calidad a un precio justo. Reparac\u00edon en Pamplona.","breadcrumb":{"@id":"https:\/\/jadelafuente.es\/?page_id=306#breadcrumb"},"inLanguage":"es","potentialAction":[{"@type":"ReadAction","target":["https:\/\/jadelafuente.es\/?page_id=306"]}]},{"@type":"ImageObject","inLanguage":"es","@id":"https:\/\/jadelafuente.es\/?page_id=306#primaryimage","url":"https:\/\/jadelafuente.es\/wp-content\/uploads\/2017\/06\/hilti363amp.jpg","contentUrl":"https:\/\/jadelafuente.es\/wp-content\/uploads\/2017\/06\/hilti363amp.jpg"},{"@type":"BreadcrumbList","@id":"https:\/\/jadelafuente.es\/?page_id=306#breadcrumb","itemListElement":[{"@type":"ListItem","position":1,"name":"Portada","item":"https:\/\/jadelafuente.es\/"},{"@type":"ListItem","position":2,"name":"R\u00e9plica de bater\u00edas herramientas el\u00e9ctricas"}]},{"@type":"WebSite","@id":"https:\/\/jadelafuente.es\/#website","url":"https:\/\/jadelafuente.es\/","name":"J.A de la Fuente","description":"Servicio t\u00e9cnico de reparaci\u00f3n multimarca","publisher":{"@id":"https:\/\/jadelafuente.es\/#organization"},"potentialAction":[{"@type":"SearchAction","target":{"@type":"EntryPoint","urlTemplate":"https:\/\/jadelafuente.es\/?s={search_term_string}"},"query-input":{"@type":"PropertyValueSpecification","valueRequired":true,"valueName":"search_term_string"}}],"inLanguage":"es"},{"@type":"Organization","@id":"https:\/\/jadelafuente.es\/#organization","name":"J.A de la Fuente","url":"https:\/\/jadelafuente.es\/","logo":{"@type":"ImageObject","inLanguage":"es","@id":"https:\/\/jadelafuente.es\/#\/schema\/logo\/image\/","url":"https:\/\/jadelafuente.es\/wp-content\/uploads\/2021\/03\/cropped-unnamed.png","contentUrl":"https:\/\/jadelafuente.es\/wp-content\/uploads\/2021\/03\/cropped-unnamed.png","width":640,"height":277,"caption":"J.A de la Fuente"},"image":{"@id":"https:\/\/jadelafuente.es\/#\/schema\/logo\/image\/"}}]}},"_links":{"self":[{"href":"https:\/\/jadelafuente.es\/index.php?rest_route=\/wp\/v2\/pages\/306","targetHints":{"allow":["GET"]}}],"collection":[{"href":"https:\/\/jadelafuente.es\/index.php?rest_route=\/wp\/v2\/pages"}],"about":[{"href":"https:\/\/jadelafuente.es\/index.php?rest_route=\/wp\/v2\/types\/page"}],"author":[{"embeddable":true,"href":"https:\/\/jadelafuente.es\/index.php?rest_route=\/wp\/v2\/users\/2"}],"replies":[{"embeddable":true,"href":"https:\/\/jadelafuente.es\/index.php?rest_route=%2Fwp%2Fv2%2Fcomments&post=306"}],"version-history":[{"count":47,"href":"https:\/\/jadelafuente.es\/index.php?rest_route=\/wp\/v2\/pages\/306\/revisions"}],"predecessor-version":[{"id":1041,"href":"https:\/\/jadelafuente.es\/index.php?rest_route=\/wp\/v2\/pages\/306\/revisions\/1041"}],"wp:attachment":[{"href":"https:\/\/jadelafuente.es\/index.php?rest_route=%2Fwp%2Fv2%2Fmedia&parent=306"}],"curies":[{"name":"wp","href":"https:\/\/api.w.org\/{rel}","templated":true}]}}