{"id":15,"date":"2017-06-06T18:11:24","date_gmt":"2017-06-06T18:11:24","guid":{"rendered":"http:\/\/jadelafuente.es\/?page_id=15"},"modified":"2021-03-08T17:27:22","modified_gmt":"2021-03-08T16:27:22","slug":"servicios","status":"publish","type":"page","link":"https:\/\/jadelafuente.es\/?page_id=15","title":{"rendered":"Servicios"},"content":{"rendered":"<style type=\"text\/css\">@media only screen and (min-width: 1000px) and (max-width: 5000px){body.kc-css-system .kc-css-2432244{width: 20%;}body.kc-css-system .kc-css-2922018{width: 20%;}body.kc-css-system .kc-css-1816919{width: 20%;}body.kc-css-system .kc-css-3928717{width: 20%;}body.kc-css-system .kc-css-2316898{width: 20%;}}body.kc-css-system .kc-css-3696848{text-align: center;}body.kc-css-system .kc-css-2993033{text-align: center;}body.kc-css-system .kc-css-2755560{text-align: center;}body.kc-css-system .kc-css-678931{text-align: center;}body.kc-css-system .kc-css-63845{text-align: center;}@media only screen and (max-width: 479px){body.kc-css-system .kc-css-2993033{text-align: left;}}<\/style>\n<section class=\"kc-elm kc-css-3279606 kc_row\">\n<div class=\"kc-row-container  kc-container\">\n<div class=\"kc-wrap-columns\">\n<div class=\"kc-elm kc-css-2432244 kc_col-of-5 kc_column kc_col-of-5\">\n<div class=\"kc-col-container\">\n<div class=\"kc-elm kc-css-2530444 kc_text_block\">\n<h3 style=\"text-align: center;\"><a href=\"https:\/\/jadelafuente.es\/?page_id=90\"><span style=\"color: #fe7a22;\">Reparaci\u00f3n m\u00e1quina herramienta<\/span><\/a><\/h3>\n<\/div>\n<div class=\"kc-elm kc-css-181763\" style=\"height: 20px; clear: both; width:100%;\"><\/div>\n<div class=\"kc-elm kc-css-3361550 kc_text_block\">\n<p>\nComo servicio t\u00e9cnico oficial<strong> multimarca<\/strong> reparamos una gran parte de la maquinaria el\u00e9ctrica del mercado.<\/p>\n<p>Nuestros<strong> t\u00e9cnicos altamente cualificados<\/strong> aseguran un trabajo \u00f3ptimo y de calidad en sus intervenciones para asegurar su satisfacci\u00f3n.<\/p>\n<\/div>\n<div class=\"kc-elm kc-css-3696848 kc_shortcode kc_single_image\">\n<p>        <img decoding=\"async\" src=\"https:\/\/jadelafuente.es\/wp-content\/uploads\/2021\/03\/Screenshot_20210308-165833.jpg\" class=\"\" alt=\"\" \/>    <\/div>\n<div class=\"kc-elm kc-css-2351453 divider_line\">\n<div class=\"divider_inner divider_line1\">\n\t\t\t<\/div>\n<\/div>\n<\/div>\n<\/div>\n<div class=\"kc-elm kc-css-2922018 kc_col-of-5 kc_column kc_col-of-5\">\n<div class=\"kc-col-container\">\n<div class=\"kc-elm kc-css-57212 kc_text_block\">\n<h3 style=\"text-align: center;\"><a href=\"https:\/\/jadelafuente.es\/?page_id=98\"><span style=\"color: #fe7a22;\">Recambios <\/span><\/a><\/h3>\n<h3 style=\"text-align: center;\"><span style=\"color: #fe7a22;\">y accesorios<\/span><\/h3>\n<\/div>\n<div class=\"kc-elm kc-css-1414659 kc_text_block\">\n<p>\nComo <strong>proveedor oficial<\/strong> podr\u00e1s conseguir los accesorios y recambios que necesitas al mejor precio.<\/p>\n<p>Inf\u00f3rmate y pide <strong>presupuesto sin compromiso<\/strong>.<\/p>\n<\/div>\n<div class=\"kc-elm kc-css-2993033 kc_shortcode kc_single_image\">\n<p>        <img decoding=\"async\" src=\"https:\/\/jadelafuente.es\/wp-content\/uploads\/2017\/06\/recmabios.jpg\" class=\"\" alt=\"\" \/>    <\/div>\n<div class=\"kc-elm kc-css-2321989 divider_line\">\n<div class=\"divider_inner divider_line1\">\n\t\t\t<\/div>\n<\/div>\n<\/div>\n<\/div>\n<div class=\"kc-elm kc-css-1816919 kc_col-of-5 kc_column kc_col-of-5\">\n<div class=\"kc-col-container\">\n<div class=\"kc-elm kc-css-4223425 kc_text_block\">\n<h3 style=\"text-align: center;\"><a href=\"https:\/\/jadelafuente.es\/?page_id=94\"><span style=\"color: #fe7a22;\">Mantenimiento <\/span><\/a><\/h3>\n<h3 style=\"text-align: center;\"><span style=\"color: #fe7a22;\">preventivo<\/span><\/h3>\n<\/div>\n<div class=\"kc-elm kc-css-4012607 kc_text_block\">\n<p>\nOfrecemos <strong>medidas preventivas<\/strong> para maximizar la vida \u00fatil de su herramienta. Desde J.A de la Fuente hemos dise\u00f1ado packs espec\u00edficos de intervenciones preventivas para <strong>maquinaria clave<\/strong> de su negocio. No dude en pedir m\u00e1s informaci\u00f3n.<\/p>\n<p>Contacte y le ofreceremos un <strong>plan a medida<\/strong>.<\/p>\n<\/div>\n<div class=\"kc-elm kc-css-2755560 kc_shortcode kc_single_image\">\n<p>        <img decoding=\"async\" src=\"https:\/\/jadelafuente.es\/wp-content\/uploads\/2017\/06\/mantenimiento-maquinaria-industrial.jpg\" class=\"\" alt=\"\" \/>    <\/div>\n<div class=\"kc-elm kc-css-1770694 divider_line\">\n<div class=\"divider_inner divider_line1\">\n\t\t\t<\/div>\n<\/div>\n<\/div>\n<\/div>\n<div class=\"kc-elm kc-css-3928717 kc_col-of-5 kc_column kc_col-of-5\">\n<div class=\"kc-col-container\">\n<div class=\"kc-elm kc-css-926628 kc_text_block\">\n<h3 style=\"text-align: center;\"><a href=\"https:\/\/jadelafuente.es\/?page_id=349\"><span style=\"color: #fe7a22;\">Servicio <\/span><\/a><\/h3>\n<h3 style=\"text-align: center;\"><span style=\"color: #fe7a22;\">Repair &#038; Go<\/span><\/h3>\n<\/div>\n<div class=\"kc-elm kc-css-2377610 kc_text_block\">\n<p>\nEl tiempo es oro y nosotros lo sabemos. Mediante nuestro sistema de <strong>recogida a domicilio<\/strong> podr\u00e1 mandarnos su herramienta y se le entregar\u00e1 reparada donde desee en un <strong>tiempo altamente competitivo<\/strong>.<\/p>\n<\/div>\n<div class=\"kc-elm kc-css-678931 kc_shortcode kc_single_image\">\n<p>        <img decoding=\"async\" src=\"https:\/\/jadelafuente.es\/wp-content\/uploads\/2017\/06\/ciclo-e1516443537782.png\" class=\"\" alt=\"\" \/>    <\/div>\n<div class=\"kc-elm kc-css-2690318 divider_line\">\n<div class=\"divider_inner divider_line1\">\n\t\t\t<\/div>\n<\/div>\n<\/div>\n<\/div>\n<div class=\"kc-elm kc-css-2316898 kc_col-of-5 kc_column kc_col-of-5\">\n<div class=\"kc-col-container\">\n<div class=\"kc-elm kc-css-1139866 kc_text_block\">\n<h3 style=\"text-align: center;\"><a href=\"https:\/\/jadelafuente.es\/?page_id=306\"><span style=\"color: #fe7a22;\">R\u00e9plica Bater\u00edas<\/span><\/a><\/h3>\n<\/div>\n<div class=\"kc-elm kc-css-1608215 kc_text_block\">\n<p>Generalmente las bater\u00edas son elementos costosos y necesitan estar en plenas condiciones para asegurar el rendimiento de la m\u00e1quina. Ofrecemos r\u00e9plicas de baterias ( mismas especificaciones) a un precio econ\u00f3mico&#8230;<strong> \u00a1 Con 12 meses de garant\u00eda !<\/strong><\/p>\n<\/div>\n<div class=\"kc-elm kc-css-63845 kc_shortcode kc_single_image\">\n<p>        <img decoding=\"async\" src=\"https:\/\/jadelafuente.es\/wp-content\/uploads\/2017\/06\/Imagen4.jpg\" class=\"\" alt=\"\" \/>    <\/div>\n<div class=\"kc-elm kc-css-1894433 divider_line\">\n<div class=\"divider_inner divider_line1\">\n\t\t\t<\/div>\n<\/div>\n<\/div>\n<\/div>\n<\/div>\n<\/div>\n<\/section>\n","protected":false},"excerpt":{"rendered":"<p>Reparaci\u00f3n m\u00e1quina herramienta Como servicio t\u00e9cnico oficial multimarca reparamos una gran parte de la maquinaria el\u00e9ctrica del mercado. Nuestros t\u00e9cnicos altamente cualificados aseguran un trabajo \u00f3ptimo y de calidad en sus intervenciones para asegurar su satisfacci\u00f3n. Recambios y accesorios Como proveedor oficial podr\u00e1s conseguir los accesorios y recambios que necesitas al mejor precio. Inf\u00f3rmate y [&hellip;]<\/p>\n","protected":false},"author":1,"featured_media":0,"parent":0,"menu_order":0,"comment_status":"closed","ping_status":"closed","template":"","meta":{"footnotes":""},"class_list":["post-15","page","type-page","status-publish","hentry"],"yoast_head":"<!-- This site is optimized with the Yoast SEO plugin v27.4 - https:\/\/yoast.com\/product\/yoast-seo-wordpress\/ -->\n<title>Servicios - J.A de la Fuente<\/title>\n<meta name=\"robots\" content=\"index, follow, max-snippet:-1, max-image-preview:large, max-video-preview:-1\" \/>\n<link rel=\"canonical\" href=\"https:\/\/jadelafuente.es\/?page_id=15\" \/>\n<meta property=\"og:locale\" content=\"es_ES\" \/>\n<meta property=\"og:type\" content=\"article\" \/>\n<meta property=\"og:title\" content=\"Servicios - J.A de la Fuente\" \/>\n<meta property=\"og:description\" content=\"Reparaci\u00f3n m\u00e1quina herramienta Como servicio t\u00e9cnico oficial multimarca reparamos una gran parte de la maquinaria el\u00e9ctrica del mercado. Nuestros t\u00e9cnicos altamente cualificados aseguran un trabajo \u00f3ptimo y de calidad en sus intervenciones para asegurar su satisfacci\u00f3n. Recambios y accesorios Como proveedor oficial podr\u00e1s conseguir los accesorios y recambios que necesitas al mejor precio. Inf\u00f3rmate y [&hellip;]\" \/>\n<meta property=\"og:url\" content=\"https:\/\/jadelafuente.es\/?page_id=15\" \/>\n<meta property=\"og:site_name\" content=\"J.A de la Fuente\" \/>\n<meta property=\"article:modified_time\" content=\"2021-03-08T16:27:22+00:00\" \/>\n<meta property=\"og:image\" content=\"https:\/\/jadelafuente.es\/wp-content\/uploads\/2021\/03\/Screenshot_20210308-165833.jpg\" \/>\n<meta name=\"twitter:card\" content=\"summary_large_image\" \/>\n<meta name=\"twitter:label1\" content=\"Tiempo de lectura\" \/>\n\t<meta name=\"twitter:data1\" content=\"1 minuto\" \/>\n<script type=\"application\/ld+json\" class=\"yoast-schema-graph\">{\"@context\":\"https:\\\/\\\/schema.org\",\"@graph\":[{\"@type\":\"WebPage\",\"@id\":\"https:\\\/\\\/jadelafuente.es\\\/?page_id=15\",\"url\":\"https:\\\/\\\/jadelafuente.es\\\/?page_id=15\",\"name\":\"Servicios - J.A de la Fuente\",\"isPartOf\":{\"@id\":\"https:\\\/\\\/jadelafuente.es\\\/#website\"},\"primaryImageOfPage\":{\"@id\":\"https:\\\/\\\/jadelafuente.es\\\/?page_id=15#primaryimage\"},\"image\":{\"@id\":\"https:\\\/\\\/jadelafuente.es\\\/?page_id=15#primaryimage\"},\"thumbnailUrl\":\"https:\\\/\\\/jadelafuente.es\\\/wp-content\\\/uploads\\\/2021\\\/03\\\/Screenshot_20210308-165833.jpg\",\"datePublished\":\"2017-06-06T18:11:24+00:00\",\"dateModified\":\"2021-03-08T16:27:22+00:00\",\"breadcrumb\":{\"@id\":\"https:\\\/\\\/jadelafuente.es\\\/?page_id=15#breadcrumb\"},\"inLanguage\":\"es\",\"potentialAction\":[{\"@type\":\"ReadAction\",\"target\":[\"https:\\\/\\\/jadelafuente.es\\\/?page_id=15\"]}]},{\"@type\":\"ImageObject\",\"inLanguage\":\"es\",\"@id\":\"https:\\\/\\\/jadelafuente.es\\\/?page_id=15#primaryimage\",\"url\":\"https:\\\/\\\/jadelafuente.es\\\/wp-content\\\/uploads\\\/2021\\\/03\\\/Screenshot_20210308-165833-e1615221153845.jpg\",\"contentUrl\":\"https:\\\/\\\/jadelafuente.es\\\/wp-content\\\/uploads\\\/2021\\\/03\\\/Screenshot_20210308-165833-e1615221153845.jpg\",\"width\":1080,\"height\":788},{\"@type\":\"BreadcrumbList\",\"@id\":\"https:\\\/\\\/jadelafuente.es\\\/?page_id=15#breadcrumb\",\"itemListElement\":[{\"@type\":\"ListItem\",\"position\":1,\"name\":\"Portada\",\"item\":\"https:\\\/\\\/jadelafuente.es\\\/\"},{\"@type\":\"ListItem\",\"position\":2,\"name\":\"Servicios\"}]},{\"@type\":\"WebSite\",\"@id\":\"https:\\\/\\\/jadelafuente.es\\\/#website\",\"url\":\"https:\\\/\\\/jadelafuente.es\\\/\",\"name\":\"J.A de la Fuente\",\"description\":\"Servicio t\u00e9cnico de reparaci\u00f3n multimarca\",\"publisher\":{\"@id\":\"https:\\\/\\\/jadelafuente.es\\\/#organization\"},\"potentialAction\":[{\"@type\":\"SearchAction\",\"target\":{\"@type\":\"EntryPoint\",\"urlTemplate\":\"https:\\\/\\\/jadelafuente.es\\\/?s={search_term_string}\"},\"query-input\":{\"@type\":\"PropertyValueSpecification\",\"valueRequired\":true,\"valueName\":\"search_term_string\"}}],\"inLanguage\":\"es\"},{\"@type\":\"Organization\",\"@id\":\"https:\\\/\\\/jadelafuente.es\\\/#organization\",\"name\":\"J.A de la Fuente\",\"url\":\"https:\\\/\\\/jadelafuente.es\\\/\",\"logo\":{\"@type\":\"ImageObject\",\"inLanguage\":\"es\",\"@id\":\"https:\\\/\\\/jadelafuente.es\\\/#\\\/schema\\\/logo\\\/image\\\/\",\"url\":\"https:\\\/\\\/jadelafuente.es\\\/wp-content\\\/uploads\\\/2021\\\/03\\\/cropped-unnamed.png\",\"contentUrl\":\"https:\\\/\\\/jadelafuente.es\\\/wp-content\\\/uploads\\\/2021\\\/03\\\/cropped-unnamed.png\",\"width\":640,\"height\":277,\"caption\":\"J.A de la Fuente\"},\"image\":{\"@id\":\"https:\\\/\\\/jadelafuente.es\\\/#\\\/schema\\\/logo\\\/image\\\/\"}}]}<\/script>\n<!-- \/ Yoast SEO plugin. -->","yoast_head_json":{"title":"Servicios - J.A de la Fuente","robots":{"index":"index","follow":"follow","max-snippet":"max-snippet:-1","max-image-preview":"max-image-preview:large","max-video-preview":"max-video-preview:-1"},"canonical":"https:\/\/jadelafuente.es\/?page_id=15","og_locale":"es_ES","og_type":"article","og_title":"Servicios - J.A de la Fuente","og_description":"Reparaci\u00f3n m\u00e1quina herramienta Como servicio t\u00e9cnico oficial multimarca reparamos una gran parte de la maquinaria el\u00e9ctrica del mercado. Nuestros t\u00e9cnicos altamente cualificados aseguran un trabajo \u00f3ptimo y de calidad en sus intervenciones para asegurar su satisfacci\u00f3n. Recambios y accesorios Como proveedor oficial podr\u00e1s conseguir los accesorios y recambios que necesitas al mejor precio. Inf\u00f3rmate y [&hellip;]","og_url":"https:\/\/jadelafuente.es\/?page_id=15","og_site_name":"J.A de la Fuente","article_modified_time":"2021-03-08T16:27:22+00:00","og_image":[{"url":"https:\/\/jadelafuente.es\/wp-content\/uploads\/2021\/03\/Screenshot_20210308-165833.jpg","type":"","width":"","height":""}],"twitter_card":"summary_large_image","twitter_misc":{"Tiempo de lectura":"1 minuto"},"schema":{"@context":"https:\/\/schema.org","@graph":[{"@type":"WebPage","@id":"https:\/\/jadelafuente.es\/?page_id=15","url":"https:\/\/jadelafuente.es\/?page_id=15","name":"Servicios - J.A de la Fuente","isPartOf":{"@id":"https:\/\/jadelafuente.es\/#website"},"primaryImageOfPage":{"@id":"https:\/\/jadelafuente.es\/?page_id=15#primaryimage"},"image":{"@id":"https:\/\/jadelafuente.es\/?page_id=15#primaryimage"},"thumbnailUrl":"https:\/\/jadelafuente.es\/wp-content\/uploads\/2021\/03\/Screenshot_20210308-165833.jpg","datePublished":"2017-06-06T18:11:24+00:00","dateModified":"2021-03-08T16:27:22+00:00","breadcrumb":{"@id":"https:\/\/jadelafuente.es\/?page_id=15#breadcrumb"},"inLanguage":"es","potentialAction":[{"@type":"ReadAction","target":["https:\/\/jadelafuente.es\/?page_id=15"]}]},{"@type":"ImageObject","inLanguage":"es","@id":"https:\/\/jadelafuente.es\/?page_id=15#primaryimage","url":"https:\/\/jadelafuente.es\/wp-content\/uploads\/2021\/03\/Screenshot_20210308-165833-e1615221153845.jpg","contentUrl":"https:\/\/jadelafuente.es\/wp-content\/uploads\/2021\/03\/Screenshot_20210308-165833-e1615221153845.jpg","width":1080,"height":788},{"@type":"BreadcrumbList","@id":"https:\/\/jadelafuente.es\/?page_id=15#breadcrumb","itemListElement":[{"@type":"ListItem","position":1,"name":"Portada","item":"https:\/\/jadelafuente.es\/"},{"@type":"ListItem","position":2,"name":"Servicios"}]},{"@type":"WebSite","@id":"https:\/\/jadelafuente.es\/#website","url":"https:\/\/jadelafuente.es\/","name":"J.A de la Fuente","description":"Servicio t\u00e9cnico de reparaci\u00f3n multimarca","publisher":{"@id":"https:\/\/jadelafuente.es\/#organization"},"potentialAction":[{"@type":"SearchAction","target":{"@type":"EntryPoint","urlTemplate":"https:\/\/jadelafuente.es\/?s={search_term_string}"},"query-input":{"@type":"PropertyValueSpecification","valueRequired":true,"valueName":"search_term_string"}}],"inLanguage":"es"},{"@type":"Organization","@id":"https:\/\/jadelafuente.es\/#organization","name":"J.A de la Fuente","url":"https:\/\/jadelafuente.es\/","logo":{"@type":"ImageObject","inLanguage":"es","@id":"https:\/\/jadelafuente.es\/#\/schema\/logo\/image\/","url":"https:\/\/jadelafuente.es\/wp-content\/uploads\/2021\/03\/cropped-unnamed.png","contentUrl":"https:\/\/jadelafuente.es\/wp-content\/uploads\/2021\/03\/cropped-unnamed.png","width":640,"height":277,"caption":"J.A de la Fuente"},"image":{"@id":"https:\/\/jadelafuente.es\/#\/schema\/logo\/image\/"}}]}},"_links":{"self":[{"href":"https:\/\/jadelafuente.es\/index.php?rest_route=\/wp\/v2\/pages\/15","targetHints":{"allow":["GET"]}}],"collection":[{"href":"https:\/\/jadelafuente.es\/index.php?rest_route=\/wp\/v2\/pages"}],"about":[{"href":"https:\/\/jadelafuente.es\/index.php?rest_route=\/wp\/v2\/types\/page"}],"author":[{"embeddable":true,"href":"https:\/\/jadelafuente.es\/index.php?rest_route=\/wp\/v2\/users\/1"}],"replies":[{"embeddable":true,"href":"https:\/\/jadelafuente.es\/index.php?rest_route=%2Fwp%2Fv2%2Fcomments&post=15"}],"version-history":[{"count":50,"href":"https:\/\/jadelafuente.es\/index.php?rest_route=\/wp\/v2\/pages\/15\/revisions"}],"predecessor-version":[{"id":1031,"href":"https:\/\/jadelafuente.es\/index.php?rest_route=\/wp\/v2\/pages\/15\/revisions\/1031"}],"wp:attachment":[{"href":"https:\/\/jadelafuente.es\/index.php?rest_route=%2Fwp%2Fv2%2Fmedia&parent=15"}],"curies":[{"name":"wp","href":"https:\/\/api.w.org\/{rel}","templated":true}]}}